{"id":35,"date":"2020-03-03T01:36:23","date_gmt":"2020-03-02T18:36:23","guid":{"rendered":"https:\/\/www.obo.cash\/?page_id=35"},"modified":"2021-02-23T14:30:20","modified_gmt":"2021-02-23T07:30:20","slug":"sell-bitcoins-buy-bitcoins","status":"publish","type":"page","link":"https:\/\/www.obo.cash\/fr\/","title":{"rendered":""},"content":{"rendered":"<div id=\"modal-ready\"> <div id='icegram_shortcode_0'  data-campaigns=\"17\"  class='ig_shortcode_container' ><\/div> \n<p style=\"text-align: justify;\"><strong>Avez-vous r\u00eav\u00e9 de voyager dans un pays \u00e9tranger comme la Tha\u00eflande sans vos cartes bancaires, vos comptes bancaires et m\u00eame sans vos cartes d&rsquo;identit\u00e9? Vous n&rsquo;avez que des bitcoins comme principaux fonds et un t\u00e9l\u00e9phone avec Internet? Maintenant c&rsquo;est possible!<\/strong><\/p>\n<p style=\"text-align: justify;\">Nous offrons un service de 5 minutes pour \u00e9changer vos bitcoins en \u00e9quivalent en esp\u00e8ces via l&rsquo;option anonyme des distributeurs automatiques de billets des banques tha\u00eflandaises &#8211; code esp\u00e8ces. Voici les \u00e9tapes de l&rsquo;\u00e9change:<\/p>\n<p style=\"text-align: justify;\">1. Vous demandez le montant de baht tha\u00eflandais que vous souhaitez recevoir pour vos bitcoins dans le formulaire ci-dessous.<\/p>\n<p style=\"text-align: justify;\">2. Apr\u00e8s nous avoir envoy\u00e9 ces informations, vous et nous verrons le montant indiqu\u00e9, veuillez cliquer sur le bouton Chat et \u00e9crivez si vous pr\u00e9f\u00e9rez le code en esp\u00e8ces ou le virement bancaire.<\/p>\n<p style=\"text-align: justify;\">3. Vous recevrez l&rsquo;adresse bitcoin dans notre r\u00e9ponse du chat o\u00f9 vous transf\u00e9rez la quantit\u00e9 de bitcoins indiqu\u00e9e.<\/p>\n<p style=\"text-align: justify;\">4a. Nous \u00e9mettrons un code de caisse pour le retrait d&rsquo;esp\u00e8ces au guichet Krungsri (jaune) (actif pendant 5 minutes). Si le retrait d&rsquo;argent a \u00e9t\u00e9 effectu\u00e9, le commerce est termin\u00e9. Vos \u00e9ventuels retards de retrait ou ATM sont hors service, nous \u00e9mettrons \u00e0 nouveau le code en esp\u00e8ces en fonction de votre disponibilit\u00e9.<\/p>\n<p style=\"text-align: justify;\">4b. Nous transf\u00e9rerons le baht tha\u00eflandais sur n&rsquo;importe quel compte bancaire mentionn\u00e9 par vous dans le chat.<br \/>\n[cur-announc lang=FR]<\/p>\n<\/div>","protected":false},"excerpt":{"rendered":"<p>Avez-vous r\u00eav\u00e9 de voyager dans un pays \u00e9tranger comme la Tha\u00eflande sans vos cartes bancaires, vos comptes bancaires et m\u00eame sans vos cartes d&rsquo;identit\u00e9? Vous n&rsquo;avez que des bitcoins comme principaux fonds et un t\u00e9l\u00e9phone avec Internet? Maintenant c&rsquo;est possible! Nous offrons un service de 5 minutes pour \u00e9changer vos bitcoins en \u00e9quivalent en esp\u00e8ces&#8230;<\/p>\n","protected":false},"author":1,"featured_media":0,"parent":0,"menu_order":0,"comment_status":"closed","ping_status":"closed","template":"","meta":[],"_links":{"self":[{"href":"https:\/\/www.obo.cash\/fr\/wp-json\/wp\/v2\/pages\/35"}],"collection":[{"href":"https:\/\/www.obo.cash\/fr\/wp-json\/wp\/v2\/pages"}],"about":[{"href":"https:\/\/www.obo.cash\/fr\/wp-json\/wp\/v2\/types\/page"}],"author":[{"embeddable":true,"href":"https:\/\/www.obo.cash\/fr\/wp-json\/wp\/v2\/users\/1"}],"replies":[{"embeddable":true,"href":"https:\/\/www.obo.cash\/fr\/wp-json\/wp\/v2\/comments?post=35"}],"version-history":[{"count":52,"href":"https:\/\/www.obo.cash\/fr\/wp-json\/wp\/v2\/pages\/35\/revisions"}],"predecessor-version":[{"id":99,"href":"https:\/\/www.obo.cash\/fr\/wp-json\/wp\/v2\/pages\/35\/revisions\/99"}],"wp:attachment":[{"href":"https:\/\/www.obo.cash\/fr\/wp-json\/wp\/v2\/media?parent=35"}],"curies":[{"name":"wp","href":"https:\/\/api.w.org\/{rel}","templated":true}]}}