{"id":35,"date":"2020-03-03T01:36:23","date_gmt":"2020-03-02T18:36:23","guid":{"rendered":"https:\/\/www.obo.cash\/?page_id=35"},"modified":"2021-02-23T14:30:20","modified_gmt":"2021-02-23T07:30:20","slug":"sell-bitcoins-buy-bitcoins","status":"publish","type":"page","link":"https:\/\/www.obo.cash\/es\/","title":{"rendered":""},"content":{"rendered":"<div id=\"modal-ready\"> <div id='icegram_shortcode_0'  data-campaigns=\"17\"  class='ig_shortcode_container' ><\/div> \n<p style=\"text-align: justify;\"><strong>\u00bfHab\u00eda so\u00f1ado con viajar a un pa\u00eds extranjero como Tailandia sin sus tarjetas bancarias, cuentas bancarias e incluso sin sus tarjetas de identificaci\u00f3n? \u00bfTiene solo bitcoins como sus fondos principales y un tel\u00e9fono con internet? Ahora es posible!<\/strong><\/p>\n<p style=\"text-align: justify;\">Ofrecemos un servicio de 5 minutos para cambiar sus bitcoins a equivalentes en efectivo a trav\u00e9s de la opci\u00f3n an\u00f3nima de cajeros autom\u00e1ticos de bancos tailandeses: c\u00f3digo de efectivo. Aqu\u00ed est\u00e1n los pasos para el intercambio:<\/p>\n<p style=\"text-align: justify;\">1. Solicita la cantidad de baht tailand\u00e9s que desea recibir para sus bitcoins en el siguiente formulario.<\/p>\n<p style=\"text-align: justify;\">2. Despu\u00e9s de enviarnos esta informaci\u00f3n, usted y nosotros veremos el monto cotizado, haga clic en el bot\u00f3n Chat y escriba si prefiere el c\u00f3digo de efectivo o la transferencia bancaria.<\/p>\n<p style=\"text-align: justify;\">3. Recibir\u00e1 una direcci\u00f3n de bitcoin en nuestra respuesta del Chat donde transfiere la cantidad de bitcoins cotizada.<\/p>\n<p style=\"text-align: justify;\">4a. Emitiremos un c\u00f3digo de efectivo para el retiro de efectivo del cajero autom\u00e1tico Krungsri (amarillo) (activo durante 5 minutos). Si se realiz\u00f3 el retiro de efectivo, el comercio finaliza. Sus posibles retrasos en el retiro o en el cajero autom\u00e1tico est\u00e1n fuera de servicio, emitiremos nuevamente el c\u00f3digo de efectivo dependiendo de su disponibilidad.<\/p>\n<p style=\"text-align: justify;\">4b. Transferiremos baht tailand\u00e9s a cualquier cuenta bancaria mencionada por usted en el chat.<br \/>\n[cur-announc lang=ES]<\/p>\n<\/div>","protected":false},"excerpt":{"rendered":"<p>\u00bfHab\u00eda so\u00f1ado con viajar a un pa\u00eds extranjero como Tailandia sin sus tarjetas bancarias, cuentas bancarias e incluso sin sus tarjetas de identificaci\u00f3n? \u00bfTiene solo bitcoins como sus fondos principales y un tel\u00e9fono con internet? Ahora es posible! Ofrecemos un servicio de 5 minutos para cambiar sus bitcoins a equivalentes en efectivo a trav\u00e9s de&#8230;<\/p>\n","protected":false},"author":1,"featured_media":0,"parent":0,"menu_order":0,"comment_status":"closed","ping_status":"closed","template":"","meta":[],"_links":{"self":[{"href":"https:\/\/www.obo.cash\/es\/wp-json\/wp\/v2\/pages\/35"}],"collection":[{"href":"https:\/\/www.obo.cash\/es\/wp-json\/wp\/v2\/pages"}],"about":[{"href":"https:\/\/www.obo.cash\/es\/wp-json\/wp\/v2\/types\/page"}],"author":[{"embeddable":true,"href":"https:\/\/www.obo.cash\/es\/wp-json\/wp\/v2\/users\/1"}],"replies":[{"embeddable":true,"href":"https:\/\/www.obo.cash\/es\/wp-json\/wp\/v2\/comments?post=35"}],"version-history":[{"count":52,"href":"https:\/\/www.obo.cash\/es\/wp-json\/wp\/v2\/pages\/35\/revisions"}],"predecessor-version":[{"id":99,"href":"https:\/\/www.obo.cash\/es\/wp-json\/wp\/v2\/pages\/35\/revisions\/99"}],"wp:attachment":[{"href":"https:\/\/www.obo.cash\/es\/wp-json\/wp\/v2\/media?parent=35"}],"curies":[{"name":"wp","href":"https:\/\/api.w.org\/{rel}","templated":true}]}}