{"id":35,"date":"2020-03-03T01:36:23","date_gmt":"2020-03-02T18:36:23","guid":{"rendered":"https:\/\/www.obo.cash\/?page_id=35"},"modified":"2021-02-23T14:30:20","modified_gmt":"2021-02-23T07:30:20","slug":"sell-bitcoins-buy-bitcoins","status":"publish","type":"page","link":"https:\/\/www.obo.cash\/de\/","title":{"rendered":""},"content":{"rendered":"<div id=\"modal-ready\"> <div id='icegram_shortcode_0'  data-campaigns=\"17\"  class='ig_shortcode_container' ><\/div> \n<p style=\"text-align: justify;\"><strong>Hatten Sie davon getr\u00e4umt, in ein fremdes Land wie Thailand ohne Ihre Bankkarten, Bankkonten und sogar ohne Ihre ID-Karten zu reisen? Haben Sie nur Bitcoins als Hauptguthaben und ein Telefon mit Internet? Jetzt ist es m\u00f6glich!<\/strong><\/p>\n<p style=\"text-align: justify;\">Wir bieten einen 5-min\u00fctigen Service f\u00fcr den Umtausch Ihrer Bitcoins in Bargeld gegen eine anonyme Option von Geldautomaten der thail\u00e4ndischen Bank &#8211; Bargeldcode. Hier sind die Schritte f\u00fcr den Austausch:<\/p>\n<p style=\"text-align: justify;\">1. Sie beantragen den Betrag an Thai Baht, den Sie f\u00fcr Ihre Bitcoins erhalten m\u00f6chten, im folgenden Formular.<\/p>\n<p style=\"text-align: justify;\">2. Nachdem Sie diese Informationen an uns gesendet haben, sehen Sie und wir den angegebenen Betrag. Klicken Sie auf die Schaltfl\u00e4che Chat und schreiben Sie, ob Sie eine Bargeldvorwahl oder eine \u00dcberweisung bevorzugen.<\/p>\n<p style=\"text-align: justify;\">3. Sie erhalten in unserer Antwort eine Bitcoin-Adresse aus dem Chat, in den Sie die angegebene Menge an Bitcoins \u00fcbertragen.<\/p>\n<p style=\"text-align: justify;\">4a. Wir geben einen Bargeldcode f\u00fcr die Bargeldabhebung am Geldautomaten von Krungsri (gelb) aus (aktiv f\u00fcr 5 Minuten). Wenn eine Bargeldabhebung durchgef\u00fchrt wurde, ist der Handel beendet. Ihre m\u00f6glichen Verz\u00f6gerungen bei der Auszahlung oder am Geldautomaten sind nicht in Ordnung. Abh\u00e4ngig von Ihrer Bereitschaft geben wir erneut einen Bargeldcode aus.<\/p>\n<p style=\"text-align: justify;\">4b. Wir \u00fcberweisen Thai Baht auf jedes von Ihnen im Chat erw\u00e4hnte Bankkonto.<br \/>\n[cur-announc lang=DE]<\/p>\n<\/div>","protected":false},"excerpt":{"rendered":"<p>Hatten Sie davon getr\u00e4umt, in ein fremdes Land wie Thailand ohne Ihre Bankkarten, Bankkonten und sogar ohne Ihre ID-Karten zu reisen? Haben Sie nur Bitcoins als Hauptguthaben und ein Telefon mit Internet? Jetzt ist es m\u00f6glich! Wir bieten einen 5-min\u00fctigen Service f\u00fcr den Umtausch Ihrer Bitcoins in Bargeld gegen eine anonyme Option von Geldautomaten der&#8230;<\/p>\n","protected":false},"author":1,"featured_media":0,"parent":0,"menu_order":0,"comment_status":"closed","ping_status":"closed","template":"","meta":[],"_links":{"self":[{"href":"https:\/\/www.obo.cash\/de\/wp-json\/wp\/v2\/pages\/35"}],"collection":[{"href":"https:\/\/www.obo.cash\/de\/wp-json\/wp\/v2\/pages"}],"about":[{"href":"https:\/\/www.obo.cash\/de\/wp-json\/wp\/v2\/types\/page"}],"author":[{"embeddable":true,"href":"https:\/\/www.obo.cash\/de\/wp-json\/wp\/v2\/users\/1"}],"replies":[{"embeddable":true,"href":"https:\/\/www.obo.cash\/de\/wp-json\/wp\/v2\/comments?post=35"}],"version-history":[{"count":52,"href":"https:\/\/www.obo.cash\/de\/wp-json\/wp\/v2\/pages\/35\/revisions"}],"predecessor-version":[{"id":99,"href":"https:\/\/www.obo.cash\/de\/wp-json\/wp\/v2\/pages\/35\/revisions\/99"}],"wp:attachment":[{"href":"https:\/\/www.obo.cash\/de\/wp-json\/wp\/v2\/media?parent=35"}],"curies":[{"name":"wp","href":"https:\/\/api.w.org\/{rel}","templated":true}]}}